{"id":11,"date":"2017-06-11T12:24:32","date_gmt":"2017-06-11T11:24:32","guid":{"rendered":"http:\/\/geoportal360.pl\/?page_id=11"},"modified":"2017-06-11T12:24:32","modified_gmt":"2017-06-11T11:24:32","slug":"sekcja-strony-glownej","status":"publish","type":"page","link":"https:\/\/geoportal360.pl\/blog\/sekcja-strony-glownej\/","title":{"rendered":"Sekcja strony g\u0142\u00f3wnej"},"content":{"rendered":"<p>To jest przyk\u0142ad sekcji strony g\u0142\u00f3wnej. Sekcja ta mo\u017ce by\u0107 na dowolnej stronie opr\u00f3cz strony g\u0142\u00f3wnej, w\u0142\u0105czaj\u0105c to stron\u0119 prezentuj\u0105c\u0105 ostatnie wpisy.<\/p>\n","protected":false},"excerpt":{"rendered":"<p>To jest przyk\u0142ad sekcji strony g\u0142\u00f3wnej. Sekcja ta mo\u017ce by\u0107 na dowolnej stronie opr\u00f3cz strony g\u0142\u00f3wnej, w\u0142\u0105czaj\u0105c to stron\u0119 prezentuj\u0105c\u0105 ostatnie wpisy.<\/p>\n","protected":false},"author":1,"featured_media":0,"parent":0,"menu_order":0,"comment_status":"closed","ping_status":"closed","template":"","meta":[],"_links":{"self":[{"href":"https:\/\/geoportal360.pl\/blog\/wp-json\/wp\/v2\/pages\/11"}],"collection":[{"href":"https:\/\/geoportal360.pl\/blog\/wp-json\/wp\/v2\/pages"}],"about":[{"href":"https:\/\/geoportal360.pl\/blog\/wp-json\/wp\/v2\/types\/page"}],"author":[{"embeddable":true,"href":"https:\/\/geoportal360.pl\/blog\/wp-json\/wp\/v2\/users\/1"}],"replies":[{"embeddable":true,"href":"https:\/\/geoportal360.pl\/blog\/wp-json\/wp\/v2\/comments?post=11"}],"version-history":[{"count":1,"href":"https:\/\/geoportal360.pl\/blog\/wp-json\/wp\/v2\/pages\/11\/revisions"}],"predecessor-version":[{"id":17,"href":"https:\/\/geoportal360.pl\/blog\/wp-json\/wp\/v2\/pages\/11\/revisions\/17"}],"wp:attachment":[{"href":"https:\/\/geoportal360.pl\/blog\/wp-json\/wp\/v2\/media?parent=11"}],"curies":[{"name":"wp","href":"https:\/\/api.w.org\/{rel}","templated":true}]}}